{"id":2133,"date":"2020-11-16T08:31:01","date_gmt":"2020-11-16T07:31:01","guid":{"rendered":"https:\/\/julielhonoresophrologuerouen.com\/?page_id=2133"},"modified":"2023-08-17T15:39:22","modified_gmt":"2023-08-17T13:39:22","slug":"specialisations-et-experiences","status":"publish","type":"page","link":"https:\/\/julielhonoresophrologuerouen.com\/index.php\/specialisations-et-experiences\/","title":{"rendered":"Sp\u00e9cialisations et exp\u00e9riences"},"content":{"rendered":"<p>[et_pb_section fb_built=&#8221;1&#8243; custom_padding_last_edited=&#8221;on|desktop&#8221; admin_label=&#8221;Call to Action&#8221; _builder_version=&#8221;4.6.6&#8243; background_enable_color=&#8221;off&#8221; module_alignment=&#8221;center&#8221; custom_margin=&#8221;0px||0px||true|false&#8221; custom_margin_phone=&#8221;0px||0px||true&#8221; custom_margin_last_edited=&#8221;off|desktop&#8221; custom_padding=&#8221;2%|20px|2%|20px|true|true&#8221; custom_padding_tablet=&#8221;&#8221; custom_padding_phone=&#8221;4%|20px|4%|20px|true|true&#8221; animation_style=&#8221;zoom&#8221; animation_intensity_zoom=&#8221;10%&#8221; box_shadow_style=&#8221;preset7&#8243; box_shadow_horizontal=&#8221;0px&#8221; box_shadow_vertical=&#8221;0px&#8221; box_shadow_spread=&#8221;50px&#8221; box_shadow_color=&#8221;#ffffff&#8221;][et_pb_row custom_padding_last_edited=&#8221;on|phone&#8221; _builder_version=&#8221;4.6.4&#8243; custom_margin=&#8221;0px||0px||true|false&#8221; custom_padding=&#8221;2%||0px||false|false&#8221; custom_padding_tablet=&#8221;&#8221; custom_padding_phone=&#8221;4%||0px||false|false&#8221;][et_pb_column type=&#8221;4_4&#8243; _builder_version=&#8221;3.25&#8243; custom_padding=&#8221;|||&#8221; custom_padding__hover=&#8221;|||&#8221;][et_pb_text ul_type=&#8221;square&#8221; ul_item_indent=&#8221;6%&#8221; _builder_version=&#8221;4.6.6&#8243; text_font=&#8221;||||||||&#8221; text_line_height=&#8221;2em&#8221; header_font=&#8221;|700|||||||&#8221; header_text_align=&#8221;center&#8221; header_text_color=&#8221;#73576c&#8221; header_font_size=&#8221;50px&#8221; header_2_font=&#8221;|700||on|||||&#8221; header_2_text_color=&#8221;#63a6a3&#8243; header_2_font_size=&#8221;25px&#8221; header_2_line_height=&#8221;1.2em&#8221; custom_margin=&#8221;0px||0px||true|false&#8221; custom_padding=&#8221;2%||0px||false|false&#8221; custom_padding_tablet=&#8221;&#8221; custom_padding_phone=&#8221;6%||0px||false|false&#8221; custom_padding_last_edited=&#8221;on|phone&#8221; text_line_height_tablet=&#8221;1.8em&#8221; text_line_height_phone=&#8221;1.6em&#8221; text_line_height_last_edited=&#8221;on|phone&#8221; ul_line_height_tablet=&#8221;1.8em&#8221; ul_line_height_phone=&#8221;1.6em&#8221; ul_line_height_last_edited=&#8221;on|tablet&#8221; header_font_size_tablet=&#8221;40px&#8221; header_font_size_phone=&#8221;30px&#8221; header_font_size_last_edited=&#8221;on|phone&#8221; header_2_font_size_tablet=&#8221;&#8221; header_2_font_size_phone=&#8221;20px&#8221; header_2_font_size_last_edited=&#8221;on|phone&#8221; locked=&#8221;off&#8221;]<\/p>\n<h1>SP\u00c9CIALISATIONS &amp; EXP\u00c9RIENCES<\/h1>\n<p>[\/et_pb_text][\/et_pb_column][\/et_pb_row][et_pb_row column_structure=&#8221;3_5,2_5&#8243; use_custom_gutter=&#8221;on&#8221; gutter_width=&#8221;2&#8243; custom_padding_last_edited=&#8221;on|phone&#8221; module_id=&#8221;Specialisations&#8221; _builder_version=&#8221;4.6.6&#8243; custom_margin=&#8221;0px||0px||true|false&#8221; custom_padding=&#8221;2%||2%||true|false&#8221; custom_padding_tablet=&#8221;&#8221; custom_padding_phone=&#8221;3%||3%||true|false&#8221;][et_pb_column type=&#8221;3_5&#8243; _builder_version=&#8221;3.25&#8243; custom_padding=&#8221;|||&#8221; custom_padding__hover=&#8221;|||&#8221;][et_pb_text ul_type=&#8221;square&#8221; ul_item_indent=&#8221;6%&#8221; _builder_version=&#8221;4.7.0&#8243; text_font=&#8221;||||||||&#8221; text_line_height=&#8221;1.8em&#8221; header_font=&#8221;||||||||&#8221; header_2_font=&#8221;|700|||||||&#8221; header_2_text_color=&#8221;#63a6a3&#8243; header_2_font_size=&#8221;25px&#8221; header_2_line_height=&#8221;1.2em&#8221; text_line_height_tablet=&#8221;1.8em&#8221; text_line_height_phone=&#8221;1.6em&#8221; text_line_height_last_edited=&#8221;on|phone&#8221; ul_line_height_tablet=&#8221;1.8em&#8221; ul_line_height_phone=&#8221;1.6em&#8221; ul_line_height_last_edited=&#8221;on|desktop&#8221; header_2_font_size_tablet=&#8221;&#8221; header_2_font_size_phone=&#8221;20px&#8221; header_2_font_size_last_edited=&#8221;on|phone&#8221; locked=&#8221;off&#8221;]<\/p>\n<h2>MES SP\u00c9CIALISATIONS<\/h2>\n<p><strong>Sophrologie Ludique\u00ae: <\/strong>Cette approche permet d&#8217;amener la conscience de son corps, de ses valeurs, la connaissance de soi, \u00a0d&#8217;une fa\u00e7on tr\u00e8s simple et peut-\u00eatre plus accessible \u00e0 toutes les g\u00e9n\u00e9rations de part son aspect ludique. Le jeux est universel et interg\u00e9n\u00e9rationnel.\u00a0<span style=\"text-decoration: underline;\">Form\u00e9e par Claudia Sanchez et Ricardo Lopez<\/span>\u00a0<\/p>\n<p><strong>Sophrologie et sommeil :<\/strong> pour vous accompagner dans l\u2019am\u00e9lioration de la qualit\u00e9 de votre sommeil et de votre endormissement. <span style=\"text-decoration: underline;\">Form\u00e9e par Caroline Rome<\/span> du centre du sommeil de l&#8217;h\u00f4tel-Dieu.<\/p>\n<p><strong>Sophrologie et p\u00e9dagogie :<\/strong> Pour vous aider \u00e0 pr\u00e9parer vos examens scolaire, vous apporter des outils pour am\u00e9liorer votre concentration, vote int\u00e9gration scolaire et adapter des techniques d\u2019apprentissage qui vous correspondent. <span style=\"text-decoration: underline;\">Form\u00e9e par Val\u00e9rie Lombard.<\/span><\/p>\n<p><strong>Sophrologie et Qualit\u00e9 de Vie au Travail :<\/strong> Pour accompagner au mieux les salari\u00e9s et tous professionnels \u00e0 se sentir bien au travail, \u00e0 \u00e9vacuer, prendre du recule et apprendre des techniques de r\u00e9cup\u00e9rations, pour \u00e9viter les Risques Psycho Sociaux tel que l\u2019usure professionnelle, les troubles musculo-squelettiques, la d\u00e9pression, le stress continu, le burn-out\u2026 <span style=\"text-decoration: underline;\">Form\u00e9e par Lydia Letondeur.<\/span><\/p>\n<p><strong>Sophrologie et douleurs :<\/strong> pour vous transmettre des techniques, vous permettant d\u2019att\u00e9nuer vos douleurs, de vous centrer sur des choses agr\u00e9ables pour d\u00e9-focaliser votre attention de vos maux et ainsi mieux vivre avec. f<span style=\"text-decoration: underline;\">orm\u00e9e par Marie-Th\u00e9r\u00e8se Paul-Coudray.<\/span><\/p>\n<p><strong>Sophrologie et sport :<\/strong> Pour vous permettre d\u2019am\u00e9liorer votre potentiel: connaissance et ma\u00eetrise de son corps afin de gagner en pr\u00e9cision et d\u2019\u00e9viter de se blesser , la respiration pour gagner en concentration, en endurance et r\u00e9cup\u00e9ration, l\u2019imagerie mentale pour mieux appr\u00e9hender une comp\u00e9tition, conscientiser de fa\u00e7on objective ses capacit\u00e9s et favoriser la r\u00e9\u00e9ducation apr\u00e8s un blessure\u2026 <span style=\"text-decoration: underline;\">Form\u00e9e par \u00c9ric Medaets.<\/span><\/p>\n<p>&nbsp;<\/p>\n<div id=\"pg-632-3\" class=\"panel-grid panel-no-style\">\n<div id=\"pgc-632-3-0\" class=\"panel-grid-cell\">\n<div id=\"panel-632-3-0-0\" class=\"so-panel widget widget_sow-editor panel-first-child panel-last-child\" data-index=\"4\">\n<div class=\"so-widget-sow-editor so-widget-sow-editor-base\"><strong><\/strong><\/div>\n<div class=\"so-widget-sow-editor so-widget-sow-editor-base\"><strong><\/strong><\/div>\n<div class=\"so-widget-sow-editor so-widget-sow-editor-base\"><strong>Sophro-Balade :<\/strong>\u00a0<span style=\"text-decoration: underline;\">Co-cr\u00e9atrice du concept sophro-balade\u00b2\u00ae en 2018, devenue sophro-bala2\u00ae en 2021<\/span> <span style=\"text-decoration: underline;\">J<\/span>e vous accompagne seule ou avec d&#8217;autres sophrologues form\u00e9s au concept, \u00e0 la d\u00e9couverte ou red\u00e9couverte de notre patrimoine naturel en Normandie, Eure, Orne et r\u00e9gion parisienne.<\/div>\n<div class=\"so-widget-sow-editor so-widget-sow-editor-base\">Egalement une d\u00e9couverte de soi! Les sophro-balades permettent d&#8217;aborder la marche et l&#8217;environnement de fa\u00e7on diff\u00e9rente. Avec peut-\u00eatre plus de plaisir et plus de respect pour soi, les autres et l&#8217;environnement. \u00a0 \u00a0 \u00a0 \u00a0 \u00a0 \u00a0 \u00a0 \u00a0 \u00a0 \u00a0 \u00a0 \u00a0 \u00a0 \u00a0 \u00a0 \u00a0 \u00a0 \u00a0 \u00a0 \u00a0 \u00a0 \u00a0 \u00a0 \u00a0 \u00a0<\/div>\n<div class=\"so-widget-sow-editor so-widget-sow-editor-base\">\u00a0<\/div>\n<div class=\"so-widget-sow-editor so-widget-sow-editor-base\"><\/div>\n<div class=\"so-widget-sow-editor so-widget-sow-editor-base\"><\/div>\n<div class=\"so-widget-sow-editor so-widget-sow-editor-base\"><\/div>\n<div class=\"so-widget-sow-editor so-widget-sow-editor-base\"><\/div>\n<div class=\"so-widget-sow-editor so-widget-sow-editor-base\"><strong><\/strong><\/div>\n<div class=\"so-widget-sow-editor so-widget-sow-editor-base\"><strong>Formatrice pour sophrologues du concept des Sophro-bala2\u00ae:<\/strong> D\u00e9sireuse de transmettre et de permettre a un maximum de fran\u00e7ais de vivre des moments uniques gr\u00e2ce \u00e0 ce concept j&#8217;ai d\u00e9cid\u00e9 de le partager avec d&#8217;autres sophrologues ayant suivi une formation s\u00e9rieuse (en pr\u00e9sidentielle de 350h minimum). Je propose UNE session de formation par an pour 8 \u00e0 10 sophrologues.\u00a0<\/div>\n<div class=\"so-widget-sow-editor so-widget-sow-editor-base\"><\/div>\n<div class=\"so-widget-sow-editor so-widget-sow-editor-base\"><\/div>\n<div class=\"so-widget-sow-editor so-widget-sow-editor-base\"><\/div>\n<div class=\"so-widget-sow-editor so-widget-sow-editor-base\"><\/div>\n<div class=\"so-widget-sow-editor so-widget-sow-editor-base\"><\/div>\n<div class=\"so-widget-sow-editor so-widget-sow-editor-base\"><\/div>\n<div class=\"so-widget-sow-editor so-widget-sow-editor-base\"><\/div>\n<div class=\"so-widget-sow-editor so-widget-sow-editor-base\"><\/div>\n<div class=\"so-widget-sow-editor so-widget-sow-editor-base\"><\/div>\n<div class=\"so-widget-sow-editor so-widget-sow-editor-base\"><\/div>\n<div class=\"so-widget-sow-editor so-widget-sow-editor-base\"><\/div>\n<div class=\"so-widget-sow-editor so-widget-sow-editor-base\"><\/div>\n<div class=\"so-widget-sow-editor so-widget-sow-editor-base\"><\/div>\n<\/div>\n<\/div>\n<\/div>\n<p>[\/et_pb_text][\/et_pb_column][et_pb_column type=&#8221;2_5&#8243; _builder_version=&#8221;4.6.4&#8243; custom_padding=&#8221;|||&#8221; custom_padding__hover=&#8221;|||&#8221;][et_pb_image src=&#8221;https:\/\/julielhonoresophrologuerouen.com\/wp-content\/uploads\/2020\/11\/Julie-Lhonore-Mes-Specialisations.jpg&#8221; alt=&#8221;Julie-Lhonore-Mes Specialisations&#8221; title_text=&#8221;Julie-Lhonore-Mes Specialisations&#8221; force_fullwidth=&#8221;on&#8221; align_tablet=&#8221;center&#8221; align_phone=&#8221;&#8221; align_last_edited=&#8221;on|desktop&#8221; _builder_version=&#8221;4.6.6&#8243; animation_style=&#8221;zoom&#8221; animation_intensity_zoom=&#8221;10%&#8221; box_shadow_style=&#8221;preset6&#8243; box_shadow_horizontal=&#8221;10px&#8221; box_shadow_vertical=&#8221;10px&#8221; box_shadow_blur=&#8221;25px&#8221; animation=&#8221;top&#8221;][\/et_pb_image][\/et_pb_column][\/et_pb_row][\/et_pb_section][et_pb_section fb_built=&#8221;1&#8243; custom_padding_last_edited=&#8221;on|desktop&#8221; admin_label=&#8221;Call to Action&#8221; _builder_version=&#8221;4.6.6&#8243; background_enable_color=&#8221;off&#8221; module_alignment=&#8221;center&#8221; custom_margin=&#8221;0px||0px||true|false&#8221; custom_margin_phone=&#8221;0px||0px||true&#8221; custom_margin_last_edited=&#8221;off|desktop&#8221; custom_padding=&#8221;2%|20px|2%|20px|true|true&#8221; custom_padding_tablet=&#8221;&#8221; custom_padding_phone=&#8221;4%|20px|4%|20px|true|true&#8221; animation_style=&#8221;zoom&#8221; animation_intensity_zoom=&#8221;10%&#8221; box_shadow_style=&#8221;preset7&#8243; box_shadow_horizontal=&#8221;0px&#8221; box_shadow_vertical=&#8221;0px&#8221; box_shadow_spread=&#8221;50px&#8221; box_shadow_color=&#8221;#ffffff&#8221;][et_pb_row column_structure=&#8221;3_5,2_5&#8243; use_custom_gutter=&#8221;on&#8221; gutter_width=&#8221;2&#8243; custom_padding_last_edited=&#8221;on|phone&#8221; module_id=&#8221;Experiences&#8221; _builder_version=&#8221;4.6.6&#8243; custom_margin=&#8221;0px||0px||true|false&#8221; custom_padding=&#8221;2%||2%||true|false&#8221; custom_padding_tablet=&#8221;&#8221; custom_padding_phone=&#8221;3%||3%||true|false&#8221;][et_pb_column type=&#8221;3_5&#8243; _builder_version=&#8221;3.25&#8243; custom_padding=&#8221;|||&#8221; custom_padding__hover=&#8221;|||&#8221;][et_pb_text ul_type=&#8221;square&#8221; ul_item_indent=&#8221;6%&#8221; _builder_version=&#8221;4.6.6&#8243; text_font=&#8221;||||||||&#8221; text_line_height=&#8221;1.8em&#8221; header_font=&#8221;||||||||&#8221; header_2_font=&#8221;|700|||||||&#8221; header_2_text_color=&#8221;#63a6a3&#8243; header_2_font_size=&#8221;25px&#8221; header_2_line_height=&#8221;1.2em&#8221; text_line_height_tablet=&#8221;1.8em&#8221; text_line_height_phone=&#8221;1.6em&#8221; text_line_height_last_edited=&#8221;on|phone&#8221; ul_line_height_tablet=&#8221;1.8em&#8221; ul_line_height_phone=&#8221;1.6em&#8221; ul_line_height_last_edited=&#8221;on|desktop&#8221; header_2_font_size_tablet=&#8221;&#8221; header_2_font_size_phone=&#8221;20px&#8221; header_2_font_size_last_edited=&#8221;on|phone&#8221; locked=&#8221;off&#8221;]<\/p>\n<h2>MES EXP\u00c9RIENCES<\/h2>\n<p>&nbsp;<\/p>\n<p><strong>Handicap :<\/strong> Accompagnement de personnes vieillissantes en situation de d\u00e9ficience intellectuelle, lors de s\u00e9ances individuelles et collectives.<\/p>\n<p><strong style=\"font-size: 14px;\">Gestion du stress en milieu scolaire :<\/strong><span style=\"font-size: 14px;\"> Accompagnement d\u2019 un groupe de coll\u00e9giens de 3\u00e8me pendant 3 mois et demi.<\/span><\/p>\n<p><strong style=\"font-size: 14px;\">Accompagnement de personnes ayant des douleurs lombaire :<\/strong><span style=\"font-size: 14px;\"> Groupe de 6 personnes, dans le cadre d\u2019un programme de r\u00e9-entrainement \u00e0 l\u2019effort. Lors des s\u00e9ances les principaux objectifs \u00e9taient de les aider \u00e0 g\u00e9rer leurs douleurs et \u00e0 am\u00e9liorer leur qualit\u00e9 de sommeil.<\/span><\/p>\n<p><strong style=\"font-size: 14px;\">Accompagnement de personnes ayant subit des traumatismes diff\u00e9rents (amput\u00e9 d\u2019un membre suite \u00e0 un accident, paralysie des membres inf\u00e9rieurs, h\u00e9mipl\u00e9gie, locked in syndrome\u2026) :<\/strong><span style=\"font-size: 14px;\"> Groupe constitu\u00e9 de 8 personnes, ayant des besoins et capacit\u00e9s tr\u00e8s diff\u00e9rentes, les objectifs g\u00e9n\u00e9raux \u00e9taient, la gestion de la douleur, l\u2019am\u00e9lioration du sommeil, l\u2019acceptation de son \u00ab nouveau \u00bb corps, l\u2019acceptation de retrouver l\u2019autonomie et de rentrer \u00e0 son domicile.<\/span><\/p>\n<p><strong style=\"font-size: 14px;\">Accompagnement familiaux :<\/strong><span style=\"font-size: 14px;\"> pour renforcer la pr\u00e9sence du corps dans la conscience et se lib\u00e9rer des tensions corporelles. Renforcer les liens, la coh\u00e9sion et l\u2019\u00e9coute dans le noyau familial.<\/span><\/p>\n<p><strong style=\"font-size: 14px;\">En s\u00e9ances individuelles :<\/strong><span style=\"font-size: 14px;\"> accompagnement de personnes \u00e2g\u00e9es de 6 \u00e0 89 ans, pour des objectifs diff\u00e9rents. (am\u00e9lioration du sommeil, confiance en soi, gestion des douleurs physique et\/ou \u00e9motionnelle, phobies\u2026)<\/span><\/p>\n<p><strong style=\"font-size: 14px;\">En entreprise :<\/strong><span style=\"font-size: 14px;\"> Pour apporter des outils favorisant le d\u00e9veloppement de la cr\u00e9ativit\u00e9, la r\u00e9cup\u00e9ration, la mise \u00e0 distance afin d\u2019\u00e9vacuer les tensions telles que le stress, l\u2019anxi\u00e9t\u00e9, les douleurs corporelles \u2026, techniques d\u2019\u00e9coute pour d\u00e9velopper l\u2019empathie, la qualit\u00e9 d\u2019\u00e9coute et la coh\u00e9sion de groupe \u2026 une coupure pour se recentrer, se ressourcer. Je propose aussi des ateliers adapt\u00e9s de 30 minutes \u00e0 2 heures sur la gestion du stress, la sieste flash, le sommeil\u2026<\/span><\/p>\n<p><strong style=\"font-size: 14px;\">Public s\u00e9nior en s\u00e9ances individuelles et collectives en R\u00e9sidences Personnes Ag\u00e9es (RPA), R\u00e9sidences Services S\u00e9niors (RSS), Etablissement d\u2019H\u00e9bergement pour Personnes Ag\u00e9es D\u00e9pendantes (EHPAD) et en association :<\/strong><span style=\"font-size: 14px;\"> Favoriser l\u2019acceptation du corps qui \u00e9volue, la gestion des douleurs, le deuil, le maintien des acquis et de l\u2019\u00e9quilibre. Favoriser les liens sociaux et la pens\u00e9e positive.<\/span><\/p>\n<p><strong style=\"font-size: 14px;\">Conf\u00e9rences et forum :<\/strong><span style=\"font-size: 14px;\"> Elaboration et animation de conf\u00e9rence sur des th\u00e9matiques sp\u00e9cifiques tel que la gestion du stress, des \u00e9motions, l\u2019am\u00e9lioration du sommeil\u2026 aupr\u00e8s de diff\u00e9rents publiques (retrait\u00e9s, salari\u00e9s, \u00e9tudiants, jeunes parents\u2026)<\/span><\/p>\n<p><strong style=\"font-size: 14px;\">Centre R\u00e9gional Jeunesse et Sport (CRJS):<\/strong><span style=\"font-size: 14px;\"> Accompagnement de jeunes espoirs en Judo, tennis de table et basket ball. Am\u00e9lioration des performance sportif, optimisation du stress et des \u00e9motions. Am\u00e9lioration des postures, endurance, r\u00e9cup\u00e9ration et concentration.\u00a0<\/span><\/p>\n<p><strong style=\"font-size: 14px;\">Institut National du Sport, de l&#8217;Expertise et de la Performance (INSEP):<\/strong><span style=\"font-size: 14px;\">\u00a0Pr\u00e9paration mentale d&#8217;athl\u00e8tes et de Judoka pour la s\u00e9lection des Jeux Olympique 2020 \u00e0 Tokyo qui finalement ont eu lieu en 2021 \u00e0 huit clos. \u00a0<\/span><\/p>\n<p><strong style=\"font-size: 14px;\">Parents\/enfants :<\/strong><span style=\"font-size: 14px;\"> Favoriser les liens parents, enfants. S\u2019approprier des outils \u00e0 reproduire seule ou en famille \u00e0 la maison pour am\u00e9liorer son bien-\u00eatre.<\/span><\/p>\n<p><span style=\"font-size: 14px;\"><strong>S<\/strong><\/span><strong style=\"font-size: 14px;\">ophro-balades:<\/strong><span style=\"font-size: 14px;\"> Accompagnement de groupe en for\u00eat, bord de mer, parc et en milieu urbain. Dans un but de divertissement, de retour au calme, d&#8217;\u00e9veil des consciences environnementales (tout public). De socialisation et maintien des acquis (s\u00e9niors, centre m\u00e9dico-sociaux, associations de victimes, de personnes en r\u00e9insertion sociale). Renforcer les liens et coh\u00e9sion de groupe (familles, parents\/enfants, entreprises)<\/span><br \/><span style=\"font-size: 14px;\"><\/span><\/p>\n<p><strong style=\"font-size: 14px;\">En milieu carc\u00e9ral et en Centre \u00c9ducatif\u00a0<\/strong><b>Ferm\u00e9 (CEF)<\/b>: Accompagnement de groupe de mineur fran\u00e7ais ou non accompagn\u00e9\u00a0incarc\u00e9r\u00e9s. Apprendre \u00e0 retrouver le sommeil, limiter les ruminations mentales et \u00e0 s&#8217;apaiser. Prendre conscience de ses capacit\u00e9s pour avancer plus sereinement avec moins de violence. Les erreurs de chacun ne sont pas des fatalit\u00e9s et ne d\u00e9finissent pas l&#8217;identit\u00e9 de la personne.\u00a0<\/p>\n<p>&nbsp;<\/p>\n<p>[\/et_pb_text][\/et_pb_column][et_pb_column type=&#8221;2_5&#8243; _builder_version=&#8221;4.6.4&#8243; custom_padding=&#8221;|||&#8221; custom_padding__hover=&#8221;|||&#8221;][et_pb_image src=&#8221;https:\/\/julielhonoresophrologuerouen.com\/wp-content\/uploads\/2020\/11\/Julie-Lhonore-Experiences.jpg&#8221; alt=&#8221;Julie-Lhonore-Experiences&#8221; title_text=&#8221;Julie-Lhonore-Experiences&#8221; force_fullwidth=&#8221;on&#8221; align_tablet=&#8221;center&#8221; align_phone=&#8221;&#8221; align_last_edited=&#8221;on|desktop&#8221; _builder_version=&#8221;4.6.6&#8243; animation_style=&#8221;zoom&#8221; animation_intensity_zoom=&#8221;10%&#8221; box_shadow_style=&#8221;preset6&#8243; box_shadow_horizontal=&#8221;10px&#8221; box_shadow_vertical=&#8221;10px&#8221; box_shadow_blur=&#8221;25px&#8221; animation=&#8221;top&#8221;][\/et_pb_image][\/et_pb_column][\/et_pb_row][\/et_pb_section]<\/p>\n","protected":false},"excerpt":{"rendered":"<p>[et_pb_section fb_built=&#8221;1&#8243; custom_padding_last_edited=&#8221;on|desktop&#8221; admin_label=&#8221;Call to Action&#8221; _builder_version=&#8221;4.6.6&#8243; background_enable_color=&#8221;off&#8221; module_alignment=&#8221;center&#8221; custom_margin=&#8221;0px||0px||true|false&#8221; custom_margin_phone=&#8221;0px||0px||true&#8221; custom_margin_last_edited=&#8221;off|desktop&#8221; custom_padding=&#8221;2%|20px|2%|20px|true|true&#8221; custom_padding_tablet=&#8221;&#8221; custom_padding_phone=&#8221;4%|20px|4%|20px|true|true&#8221; animation_style=&#8221;zoom&#8221; animation_intensity_zoom=&#8221;10%&#8221; box_shadow_style=&#8221;preset7&#8243; box_shadow_horizontal=&#8221;0px&#8221; box_shadow_vertical=&#8221;0px&#8221; box_shadow_spread=&#8221;50px&#8221; box_shadow_color=&#8221;#ffffff&#8221;][et_pb_row custom_padding_last_edited=&#8221;on|phone&#8221; _builder_version=&#8221;4.6.4&#8243; custom_margin=&#8221;0px||0px||true|false&#8221; custom_padding=&#8221;2%||0px||false|false&#8221; custom_padding_tablet=&#8221;&#8221; custom_padding_phone=&#8221;4%||0px||false|false&#8221;][et_pb_column type=&#8221;4_4&#8243; _builder_version=&#8221;3.25&#8243; custom_padding=&#8221;|||&#8221; custom_padding__hover=&#8221;|||&#8221;][et_pb_text ul_type=&#8221;square&#8221; ul_item_indent=&#8221;6%&#8221; _builder_version=&#8221;4.6.6&#8243; text_font=&#8221;||||||||&#8221; text_line_height=&#8221;2em&#8221; header_font=&#8221;|700|||||||&#8221; header_text_align=&#8221;center&#8221; header_text_color=&#8221;#73576c&#8221; header_font_size=&#8221;50px&#8221; header_2_font=&#8221;|700||on|||||&#8221; header_2_text_color=&#8221;#63a6a3&#8243; header_2_font_size=&#8221;25px&#8221; header_2_line_height=&#8221;1.2em&#8221; custom_margin=&#8221;0px||0px||true|false&#8221; custom_padding=&#8221;2%||0px||false|false&#8221; custom_padding_tablet=&#8221;&#8221; custom_padding_phone=&#8221;6%||0px||false|false&#8221; custom_padding_last_edited=&#8221;on|phone&#8221; text_line_height_tablet=&#8221;1.8em&#8221; text_line_height_phone=&#8221;1.6em&#8221; text_line_height_last_edited=&#8221;on|phone&#8221; ul_line_height_tablet=&#8221;1.8em&#8221; ul_line_height_phone=&#8221;1.6em&#8221; [&hellip;]<\/p>\n","protected":false},"author":1,"featured_media":0,"parent":0,"menu_order":33,"comment_status":"closed","ping_status":"closed","template":"","meta":{"_et_pb_use_builder":"on","_et_pb_old_content":"","_et_gb_content_width":"","footnotes":""},"_links":{"self":[{"href":"https:\/\/julielhonoresophrologuerouen.com\/index.php\/wp-json\/wp\/v2\/pages\/2133"}],"collection":[{"href":"https:\/\/julielhonoresophrologuerouen.com\/index.php\/wp-json\/wp\/v2\/pages"}],"about":[{"href":"https:\/\/julielhonoresophrologuerouen.com\/index.php\/wp-json\/wp\/v2\/types\/page"}],"author":[{"embeddable":true,"href":"https:\/\/julielhonoresophrologuerouen.com\/index.php\/wp-json\/wp\/v2\/users\/1"}],"replies":[{"embeddable":true,"href":"https:\/\/julielhonoresophrologuerouen.com\/index.php\/wp-json\/wp\/v2\/comments?post=2133"}],"version-history":[{"count":7,"href":"https:\/\/julielhonoresophrologuerouen.com\/index.php\/wp-json\/wp\/v2\/pages\/2133\/revisions"}],"predecessor-version":[{"id":2855,"href":"https:\/\/julielhonoresophrologuerouen.com\/index.php\/wp-json\/wp\/v2\/pages\/2133\/revisions\/2855"}],"wp:attachment":[{"href":"https:\/\/julielhonoresophrologuerouen.com\/index.php\/wp-json\/wp\/v2\/media?parent=2133"}],"curies":[{"name":"wp","href":"https:\/\/api.w.org\/{rel}","templated":true}]}}