{"id":24,"date":"2017-10-04T11:02:58","date_gmt":"2017-10-04T09:02:58","guid":{"rendered":"http:\/\/julielhonoresophrologuerouen.com\/?page_id=24"},"modified":"2020-11-16T08:23:08","modified_gmt":"2020-11-16T07:23:08","slug":"mentions-legales","status":"publish","type":"page","link":"https:\/\/julielhonoresophrologuerouen.com\/index.php\/mentions-legales\/","title":{"rendered":"MENTIONS LEGALES"},"content":{"rendered":"<p>[et_pb_section fb_built=&#8221;1&#8243; custom_padding_last_edited=&#8221;on|desktop&#8221; admin_label=&#8221;Call to Action&#8221; _builder_version=&#8221;4.6.4&#8243; background_enable_color=&#8221;off&#8221; module_alignment=&#8221;center&#8221; custom_margin=&#8221;0px||0px||true|false&#8221; custom_margin_phone=&#8221;0px||0px||true&#8221; custom_margin_last_edited=&#8221;off|desktop&#8221; custom_padding=&#8221;2%|20px|2%|20px|true|true&#8221; custom_padding_tablet=&#8221;&#8221; custom_padding_phone=&#8221;4%|20px|4%|20px|true|true&#8221; animation_style=&#8221;zoom&#8221; animation_intensity_zoom=&#8221;10%&#8221; box_shadow_style=&#8221;preset7&#8243; box_shadow_horizontal=&#8221;0px&#8221; box_shadow_vertical=&#8221;0px&#8221; box_shadow_spread=&#8221;50px&#8221; box_shadow_color=&#8221;#ffffff&#8221;][et_pb_row custom_padding_last_edited=&#8221;on|phone&#8221; _builder_version=&#8221;4.6.4&#8243; custom_margin=&#8221;0px||0px||true|false&#8221; custom_padding=&#8221;2%||0px||false|false&#8221; custom_padding_tablet=&#8221;&#8221; custom_padding_phone=&#8221;4%||0px||false|false&#8221;][et_pb_column type=&#8221;4_4&#8243; _builder_version=&#8221;3.25&#8243; custom_padding=&#8221;|||&#8221; custom_padding__hover=&#8221;|||&#8221;][et_pb_text ul_type=&#8221;square&#8221; ul_item_indent=&#8221;6%&#8221; _builder_version=&#8221;4.7.0&#8243; text_font=&#8221;||||||||&#8221; text_line_height=&#8221;2em&#8221; header_font=&#8221;|700|||||||&#8221; header_text_align=&#8221;center&#8221; header_text_color=&#8221;#73576c&#8221; header_font_size=&#8221;50px&#8221; header_2_font=&#8221;|700||on|||||&#8221; header_2_text_color=&#8221;#63a6a3&#8243; header_2_font_size=&#8221;25px&#8221; header_2_line_height=&#8221;1.2em&#8221; custom_margin=&#8221;0px||0px||true|false&#8221; custom_padding=&#8221;2%||0px||false|false&#8221; custom_padding_tablet=&#8221;&#8221; custom_padding_phone=&#8221;6%||0px||false|false&#8221; custom_padding_last_edited=&#8221;on|phone&#8221; hover_enabled=&#8221;0&#8243; text_line_height_tablet=&#8221;1.8em&#8221; text_line_height_phone=&#8221;1.6em&#8221; text_line_height_last_edited=&#8221;on|phone&#8221; ul_line_height_tablet=&#8221;1.8em&#8221; ul_line_height_phone=&#8221;1.6em&#8221; ul_line_height_last_edited=&#8221;on|tablet&#8221; header_font_size_tablet=&#8221;40px&#8221; header_font_size_phone=&#8221;30px&#8221; header_font_size_last_edited=&#8221;on|phone&#8221; header_2_font_size_tablet=&#8221;&#8221; header_2_font_size_phone=&#8221;20px&#8221; header_2_font_size_last_edited=&#8221;on|phone&#8221; locked=&#8221;off&#8221; sticky_enabled=&#8221;0&#8243;]<\/p>\n<h1>MENTIONS L\u00c9GALES<\/h1>\n<p>[\/et_pb_text][\/et_pb_column][\/et_pb_row][et_pb_row use_custom_gutter=&#8221;on&#8221; gutter_width=&#8221;2&#8243; custom_padding_last_edited=&#8221;on|phone&#8221; module_id=&#8221;MaMission&#8221; _builder_version=&#8221;4.7.0&#8243; custom_margin=&#8221;0px||0px||true|false&#8221; custom_padding=&#8221;2%||2%||true|false&#8221; custom_padding_tablet=&#8221;&#8221; custom_padding_phone=&#8221;3%||3%||true|false&#8221; hover_enabled=&#8221;0&#8243; sticky_enabled=&#8221;0&#8243;][et_pb_column type=&#8221;4_4&#8243; _builder_version=&#8221;3.25&#8243; custom_padding=&#8221;|||&#8221; custom_padding__hover=&#8221;|||&#8221;][et_pb_text ul_type=&#8221;square&#8221; ul_item_indent=&#8221;40px&#8221; _builder_version=&#8221;4.7.0&#8243; text_font=&#8221;||||||||&#8221; text_line_height=&#8221;1.8em&#8221; header_font=&#8221;||||||||&#8221; header_2_font=&#8221;|700|||||||&#8221; header_2_text_color=&#8221;#63a6a3&#8243; header_2_font_size=&#8221;25px&#8221; header_2_line_height=&#8221;1.2em&#8221; hover_enabled=&#8221;0&#8243; text_line_height_tablet=&#8221;1.8em&#8221; text_line_height_phone=&#8221;1.6em&#8221; text_line_height_last_edited=&#8221;on|phone&#8221; ul_line_height_tablet=&#8221;1.8em&#8221; ul_line_height_phone=&#8221;1.6em&#8221; ul_line_height_last_edited=&#8221;on|desktop&#8221; header_2_font_size_tablet=&#8221;&#8221; header_2_font_size_phone=&#8221;20px&#8221; header_2_font_size_last_edited=&#8221;on|phone&#8221; locked=&#8221;off&#8221; sticky_enabled=&#8221;0&#8243; ul_item_indent_last_edited=&#8221;off|phone&#8221; ul_item_indent_phone=&#8221;20px&#8221;]<\/p>\n<h2>Mentions l\u00e9gales \u2013 Julie L\u2019Honor\u00e9<\/h2>\n<p>Le praticien est responsable du contenu r\u00e9dactionnel du pr\u00e9sent site :<\/p>\n<ul>\n<li>N\u00b0 de siren de Julie L\u2019Honor\u00e9 : 834 380 016 000 24<\/li>\n<\/ul>\n<p>Les textes sont r\u00e9dig\u00e9s par Julie L\u2019Honor\u00e9 et des sp\u00e9cialistes du sujet. Certains passages ont \u00e9t\u00e9 rapport\u00e9s de wikipedia.org, de \u00ab sophrologie lexique des concepts, techniques et champs d\u2019application \u00bb de Richard Esposito.<\/p>\n<ul>\n<li>Nom ou raison sociale : Julie L\u2019Honor\u00e9 Sophrologue Rouen<\/li>\n<li>Adresse : 38 avenue des Canadiens 76140 Le Petit-Quevilly<\/li>\n<li>T\u00e9l\u00e9phone : 06 73 42 07 89<\/li>\n<li>Email : <a href=\"mailto:julielhonore.sophro@gmail.com\">julielhonore.sophro@gmail.com<\/a><\/li>\n<li>H\u00e9bergeur : WordPress, OVH<\/li>\n<\/ul>\n<h2>Limitation de responsabilit\u00e9 :<\/h2>\n<p>Les informations contenues sur le site sont non contractuelles et sujettes \u00e0 modification sans pr\u00e9avis. Julie L\u2019Honor\u00e9 Sophrologue Rouen se r\u00e9serve le droit de suspendre, d\u2019interrompre ou de limiter sans avis pr\u00e9alable l\u2019acc\u00e8s \u00e0 tout ou partie du site. L\u2019utilisation du site se fait sous la seule et enti\u00e8re responsabilit\u00e9 de l\u2019utilisateur.<\/p>\n<p>Julie L\u2019Honor\u00e9 Sophrologue Rouen ne pourra pas \u00eatre tenu pour responsable de quelque dommage que ce soit r\u00e9sultant de l\u2019acc\u00e8s et de l\u2019utilisation de ce site par l\u2019utilisateur. Les liens hypertextes mis en \u0153uvre au sein du site en direction d\u2019autres sites et d\u2019une mani\u00e8re g\u00e9n\u00e9rale vers toutes ressources existantes sur internet ne sauraient engager la responsabilit\u00e9 de Julie L\u2019Honor\u00e9 Sophrologue Rouen.<\/p>\n<h2>Loi informatique et libert\u00e9s :<\/h2>\n<p>Conform\u00e9ment \u00e0 la loi informatique et libert\u00e9s du 6 janvier 1978, les utilisateurs disposent d\u2019un droit d\u2019acc\u00e8s, d\u2019interrogation, de rectification ou de suppression pour toute information les concernant en \u00e9crivant \u00e0 la microentreprise Julie L\u2019Honor\u00e9 Sophrologue Rouen par envoi d\u2019une lettre recommand\u00e9e avec accus\u00e9 de r\u00e9ception.<\/p>\n<p>PUBLI\u00c9 PAR Julie L\u2019Honor\u00e9 Sophrologue Rouen<\/p>\n<p>Voir tous les articles par Julie L\u2019Honor\u00e9 Sophrologue Rouen.<\/p>\n<ul>\n<li>Julie L\u2019Honor\u00e9, Sophrologue certifi\u00e9e RNCP, dipl\u00f4me reconnu de niveau III, membre de la FEPS<\/li>\n<li>Publications<\/li>\n<li>Partenaires<\/li>\n<li>Plan d\u2019acc\u00e8s<\/li>\n<li>Cabinet M\u00e9dical Des Bruy\u00e8res<br \/> 38 avenue de Canadiens 76140 Le Petit-Quevilly 06.73.42.07.89<br \/> Ouverture du cabinet le 2 janvier 2018<\/li>\n<\/ul>\n<p>[\/et_pb_text][\/et_pb_column][\/et_pb_row][\/et_pb_section]<\/p>\n","protected":false},"excerpt":{"rendered":"<p>[et_pb_section fb_built=&#8221;1&#8243; custom_padding_last_edited=&#8221;on|desktop&#8221; admin_label=&#8221;Call to Action&#8221; _builder_version=&#8221;4.6.4&#8243; background_enable_color=&#8221;off&#8221; module_alignment=&#8221;center&#8221; custom_margin=&#8221;0px||0px||true|false&#8221; custom_margin_phone=&#8221;0px||0px||true&#8221; custom_margin_last_edited=&#8221;off|desktop&#8221; custom_padding=&#8221;2%|20px|2%|20px|true|true&#8221; custom_padding_tablet=&#8221;&#8221; custom_padding_phone=&#8221;4%|20px|4%|20px|true|true&#8221; animation_style=&#8221;zoom&#8221; animation_intensity_zoom=&#8221;10%&#8221; box_shadow_style=&#8221;preset7&#8243; box_shadow_horizontal=&#8221;0px&#8221; box_shadow_vertical=&#8221;0px&#8221; box_shadow_spread=&#8221;50px&#8221; box_shadow_color=&#8221;#ffffff&#8221;][et_pb_row custom_padding_last_edited=&#8221;on|phone&#8221; _builder_version=&#8221;4.6.4&#8243; custom_margin=&#8221;0px||0px||true|false&#8221; custom_padding=&#8221;2%||0px||false|false&#8221; custom_padding_tablet=&#8221;&#8221; custom_padding_phone=&#8221;4%||0px||false|false&#8221;][et_pb_column type=&#8221;4_4&#8243; _builder_version=&#8221;3.25&#8243; custom_padding=&#8221;|||&#8221; custom_padding__hover=&#8221;|||&#8221;][et_pb_text ul_type=&#8221;square&#8221; ul_item_indent=&#8221;6%&#8221; _builder_version=&#8221;4.7.0&#8243; text_font=&#8221;||||||||&#8221; text_line_height=&#8221;2em&#8221; header_font=&#8221;|700|||||||&#8221; header_text_align=&#8221;center&#8221; header_text_color=&#8221;#73576c&#8221; header_font_size=&#8221;50px&#8221; header_2_font=&#8221;|700||on|||||&#8221; header_2_text_color=&#8221;#63a6a3&#8243; header_2_font_size=&#8221;25px&#8221; header_2_line_height=&#8221;1.2em&#8221; custom_margin=&#8221;0px||0px||true|false&#8221; custom_padding=&#8221;2%||0px||false|false&#8221; custom_padding_tablet=&#8221;&#8221; custom_padding_phone=&#8221;6%||0px||false|false&#8221; custom_padding_last_edited=&#8221;on|phone&#8221; hover_enabled=&#8221;0&#8243; text_line_height_tablet=&#8221;1.8em&#8221; text_line_height_phone=&#8221;1.6em&#8221; text_line_height_last_edited=&#8221;on|phone&#8221; ul_line_height_tablet=&#8221;1.8em&#8221; [&hellip;]<\/p>\n","protected":false},"author":2,"featured_media":0,"parent":0,"menu_order":90,"comment_status":"closed","ping_status":"closed","template":"","meta":{"_et_pb_use_builder":"on","_et_pb_old_content":"Mentions l\u00e9gales \u2013 Julie L\u2019Honor\u00e9\r\n\u2022 Le praticien est responsable du contenu r\u00e9dactionnel du pr\u00e9sent site.\r\n\u2022 N\u00b0 de siren de Julie L\u2019Honor\u00e9 : 834 380 016 000 24\r\n\u2022 Les textes sont r\u00e9dig\u00e9s par Julie L\u2019Honor\u00e9 et des sp\u00e9cialistes du sujet. Certains passages ont \u00e9t\u00e9 rapport\u00e9s de wikipedia.org, de \u00ab sophrologie lexique des concepts, techniques et champs d\u2019application \u00bb de Richard Esposito.\r\n\u2022 Nom ou raison sociale : Julie L\u2019Honor\u00e9 Sophrologue Rouen\r\n\u2022 Adresse : 38 avenue des Canadiens 76140 Le Petit-Quevilly\r\n\u2022 T\u00e9l\u00e9phone : 06 73 42 07 89\r\n\u2022 Email : julielhonore.sophro@gmail.com\r\n\u2022 H\u00e9bergeur : WordPress, OVH\r\n\u2022 Limitation de responsabilit\u00e9 : les informations contenues sur le site sont non contractuelles et sujettes \u00e0 modification sans pr\u00e9avis. Julie L\u2019Honor\u00e9 Sophrologue Rouen se r\u00e9serve le droit de suspendre, d\u2019interrompre ou de limiter sans avis pr\u00e9alable l\u2019acc\u00e8s \u00e0 tout ou partie du site. L\u2019utilisation du site se fait sous la seule et enti\u00e8re responsabilit\u00e9 de l\u2019utilisateur. Julie L\u2019Honor\u00e9 Sophrologue Rouen ne pourra pas \u00eatre tenu pour responsable de quelque dommage que ce soit r\u00e9sultant de l\u2019acc\u00e8s et de l\u2019utilisation de ce site par l\u2019utilisateur. Les liens hypertextes mis en \u0153uvre au sein du site en direction d\u2019autres sites et d\u2019une mani\u00e8re g\u00e9n\u00e9rale vers toutes ressources existantes sur internet ne sauraient engager la responsabilit\u00e9 de Julie L\u2019Honor\u00e9 Sophrologue Rouen.\r\n\u2022 Loi informatique et libert\u00e9s : conform\u00e9ment \u00e0 la loi informatique et libert\u00e9s du 6 janvier 1978, les utilisateurs disposent d\u2019un droit d\u2019acc\u00e8s, d\u2019interrogation, de rectification ou de suppression pour toute information les concernant en \u00e9crivant \u00e0 la microentreprise Julie L\u2019Honor\u00e9 Sophrologue Rouen par envoi d\u2019une lettre recommand\u00e9e avec accus\u00e9 de r\u00e9ception.\r\n\r\nPUBLI\u00c9 PAR Julie L\u2019Honor\u00e9 Sophrologue Rouen\r\nVoir tous les articles par Julie L\u2019Honor\u00e9 Sophrologue Rouen.\r\n\u2022 Julie L\u2019Honor\u00e9, Sophrologue certifi\u00e9e RNCP, dipl\u00f4me reconnu de niveau III, membre de la FEPS\r\n\u2022 Publications\r\n\u2022 Partenaires\r\nPlan d'acc\u00e8s\r\nCabinet M\u00e9dical Des Bruy\u00e8res\r\n38 avenue de Canadiens 76140 Le Petit-Quevilly 06.73.42.07.89\r\nOuverture du cabinet le 2 janvier 2018","_et_gb_content_width":"","footnotes":""},"_links":{"self":[{"href":"https:\/\/julielhonoresophrologuerouen.com\/index.php\/wp-json\/wp\/v2\/pages\/24"}],"collection":[{"href":"https:\/\/julielhonoresophrologuerouen.com\/index.php\/wp-json\/wp\/v2\/pages"}],"about":[{"href":"https:\/\/julielhonoresophrologuerouen.com\/index.php\/wp-json\/wp\/v2\/types\/page"}],"author":[{"embeddable":true,"href":"https:\/\/julielhonoresophrologuerouen.com\/index.php\/wp-json\/wp\/v2\/users\/2"}],"replies":[{"embeddable":true,"href":"https:\/\/julielhonoresophrologuerouen.com\/index.php\/wp-json\/wp\/v2\/comments?post=24"}],"version-history":[{"count":6,"href":"https:\/\/julielhonoresophrologuerouen.com\/index.php\/wp-json\/wp\/v2\/pages\/24\/revisions"}],"predecessor-version":[{"id":2127,"href":"https:\/\/julielhonoresophrologuerouen.com\/index.php\/wp-json\/wp\/v2\/pages\/24\/revisions\/2127"}],"wp:attachment":[{"href":"https:\/\/julielhonoresophrologuerouen.com\/index.php\/wp-json\/wp\/v2\/media?parent=24"}],"curies":[{"name":"wp","href":"https:\/\/api.w.org\/{rel}","templated":true}]}}