{"id":554,"date":"2017-10-30T11:23:47","date_gmt":"2017-10-30T10:23:47","guid":{"rendered":"http:\/\/julielhonoresophrologuerouen.com\/?page_id=554"},"modified":"2020-11-16T08:26:42","modified_gmt":"2020-11-16T07:26:42","slug":"sophrologie-petit-quevilly","status":"publish","type":"page","link":"https:\/\/julielhonoresophrologuerouen.com\/index.php\/sophrologie-petit-quevilly\/","title":{"rendered":"Sophrologie \u00e0 Le-Petit-Quevilly"},"content":{"rendered":"<p>La sophrologie \u00e0 Le-Petit-Quevilly est une m\u00e9thode psychocorporelle qui favorise un mieux-\u00eatre.<br \/>\nLa sophrologie \u00e0 Le-Petit-Quevilly est accessible \u00e0 tous d\u00e8s 6 ans.<br \/>\nSi vous souhaitez g\u00e9rer vos probl\u00e8mes de stress, Sophrologie Le-Petit-Quevilly est une m\u00e9thode appropri\u00e9e. Sophrologie \u00e0 Le-Petit-Quevilly est facile \u00e0 mettre en place et \u00e0 adapter n\u2019importe o\u00f9. Sophrologie \u00e0 Le-Petit-Quevilly vous aidera aussi dans la gestion de vos \u00e9motions. Pour renforcer votre potentialit\u00e9 Sophrologie \u00e0 Le-Petit-Quevilly serra vous aider \u00e0 prendre le temps et Sophrologie \u00e0 Le-Petit-Quevilly vous guidera dans votre qu\u00eate de confiance en soi. Sophrologie \u00e0 Le-Petit-Quevilly est une m\u00e9thode de d\u00e9veloppement personnel tr\u00e8s efficace. La pratique de la Sophrologie \u00e0 Le-Petit-Quevilly peut devenir une addiction bonne pour la sant\u00e9 car la Sophrologie \u00e0 Le-Petit-Quevilly permet de s\u00e9cr\u00e9ter de l\u2019endorphine et de la dopamine qui sont les hormones du bien-\u00eatre et de la joie.<\/p>\n","protected":false},"excerpt":{"rendered":"<p>La sophrologie \u00e0 Le-Petit-Quevilly est une m\u00e9thode psychocorporelle qui favorise un mieux-\u00eatre. La sophrologie \u00e0 Le-Petit-Quevilly est accessible \u00e0 tous d\u00e8s 6 ans. Si vous souhaitez g\u00e9rer vos probl\u00e8mes de stress, Sophrologie Le-Petit-Quevilly est une m\u00e9thode appropri\u00e9e. Sophrologie \u00e0 Le-Petit-Quevilly est facile \u00e0 mettre en place et \u00e0 adapter n\u2019importe o\u00f9. Sophrologie \u00e0 Le-Petit-Quevilly vous [&hellip;]<\/p>\n","protected":false},"author":1,"featured_media":0,"parent":0,"menu_order":888,"comment_status":"closed","ping_status":"closed","template":"","meta":{"_et_pb_use_builder":"","_et_pb_old_content":"","_et_gb_content_width":"","footnotes":""},"_links":{"self":[{"href":"https:\/\/julielhonoresophrologuerouen.com\/index.php\/wp-json\/wp\/v2\/pages\/554"}],"collection":[{"href":"https:\/\/julielhonoresophrologuerouen.com\/index.php\/wp-json\/wp\/v2\/pages"}],"about":[{"href":"https:\/\/julielhonoresophrologuerouen.com\/index.php\/wp-json\/wp\/v2\/types\/page"}],"author":[{"embeddable":true,"href":"https:\/\/julielhonoresophrologuerouen.com\/index.php\/wp-json\/wp\/v2\/users\/1"}],"replies":[{"embeddable":true,"href":"https:\/\/julielhonoresophrologuerouen.com\/index.php\/wp-json\/wp\/v2\/comments?post=554"}],"version-history":[{"count":3,"href":"https:\/\/julielhonoresophrologuerouen.com\/index.php\/wp-json\/wp\/v2\/pages\/554\/revisions"}],"predecessor-version":[{"id":1546,"href":"https:\/\/julielhonoresophrologuerouen.com\/index.php\/wp-json\/wp\/v2\/pages\/554\/revisions\/1546"}],"wp:attachment":[{"href":"https:\/\/julielhonoresophrologuerouen.com\/index.php\/wp-json\/wp\/v2\/media?parent=554"}],"curies":[{"name":"wp","href":"https:\/\/api.w.org\/{rel}","templated":true}]}}