{"id":556,"date":"2017-10-30T11:35:34","date_gmt":"2017-10-30T10:35:34","guid":{"rendered":"http:\/\/julielhonoresophrologuerouen.com\/?page_id=556"},"modified":"2020-11-16T08:26:59","modified_gmt":"2020-11-16T07:26:59","slug":"sophrologie-saint-etienne-rouvray","status":"publish","type":"page","link":"https:\/\/julielhonoresophrologuerouen.com\/index.php\/sophrologie-saint-etienne-rouvray\/","title":{"rendered":"Sophrologie Saint-Etienne-Du-Rouvray"},"content":{"rendered":"<p>La sophrologie \u00e0 Saint-Etienne-Du-Rouvray est une m\u00e9thode psychocorporelle qui favorise un \u00e9tat de mieux-\u00eatre.<br \/>\nLa sophrologie \u00e0 Saint-Etienne-Du-Rouvray est accessible \u00e0 tous d\u00e8s 8 ans.<br \/>\nSi vous souhaitez g\u00e9rer vos probl\u00e8mes de stress Sophrologie Saint-Etienne-Du-Rouvray est une m\u00e9thode appropri\u00e9e. Sophrologie Saint-Etienne-Du-Rouvray est facile \u00e0 mettre en place et \u00e0 adapter n\u2019importe o\u00f9. Sophrologie Saint-Etienne-Du-Rouvray vous aidera aussi dans la gestion de vos \u00e9motions. Pour renforcer votre potentialit\u00e9 Sophrologie Saint-Etienne-Du-Rouvray serra vous aider \u00e0 prendre le temps et Sophrologie Saint-Etienne-Du-Rouvray vous guidera dans votre qu\u00eate de confiance en soi. Sophrologie Saint-Etienne-Du-Rouvray est une m\u00e9thode de d\u00e9veloppement personnel tr\u00e8s efficace. La pratique de la Sophrologie Saint-Etienne-Du-Rouvray peut devenir une addiction bonne pour la sant\u00e9 car la Sophrologie Saint-Etienne-Du-Rouvray permet de s\u00e9cr\u00e9ter de l\u2019endorphine et de la dopamine qui sont les hormones du bien-\u00eatre et de la joie.<\/p>\n","protected":false},"excerpt":{"rendered":"<p>La sophrologie \u00e0 Saint-Etienne-Du-Rouvray est une m\u00e9thode psychocorporelle qui favorise un \u00e9tat de mieux-\u00eatre. La sophrologie \u00e0 Saint-Etienne-Du-Rouvray est accessible \u00e0 tous d\u00e8s 8 ans. Si vous souhaitez g\u00e9rer vos probl\u00e8mes de stress Sophrologie Saint-Etienne-Du-Rouvray est une m\u00e9thode appropri\u00e9e. Sophrologie Saint-Etienne-Du-Rouvray est facile \u00e0 mettre en place et \u00e0 adapter n\u2019importe o\u00f9. Sophrologie Saint-Etienne-Du-Rouvray vous [&hellip;]<\/p>\n","protected":false},"author":1,"featured_media":0,"parent":0,"menu_order":888,"comment_status":"closed","ping_status":"closed","template":"","meta":{"_et_pb_use_builder":"","_et_pb_old_content":"","_et_gb_content_width":"","footnotes":""},"_links":{"self":[{"href":"https:\/\/julielhonoresophrologuerouen.com\/index.php\/wp-json\/wp\/v2\/pages\/556"}],"collection":[{"href":"https:\/\/julielhonoresophrologuerouen.com\/index.php\/wp-json\/wp\/v2\/pages"}],"about":[{"href":"https:\/\/julielhonoresophrologuerouen.com\/index.php\/wp-json\/wp\/v2\/types\/page"}],"author":[{"embeddable":true,"href":"https:\/\/julielhonoresophrologuerouen.com\/index.php\/wp-json\/wp\/v2\/users\/1"}],"replies":[{"embeddable":true,"href":"https:\/\/julielhonoresophrologuerouen.com\/index.php\/wp-json\/wp\/v2\/comments?post=556"}],"version-history":[{"count":1,"href":"https:\/\/julielhonoresophrologuerouen.com\/index.php\/wp-json\/wp\/v2\/pages\/556\/revisions"}],"predecessor-version":[{"id":557,"href":"https:\/\/julielhonoresophrologuerouen.com\/index.php\/wp-json\/wp\/v2\/pages\/556\/revisions\/557"}],"wp:attachment":[{"href":"https:\/\/julielhonoresophrologuerouen.com\/index.php\/wp-json\/wp\/v2\/media?parent=556"}],"curies":[{"name":"wp","href":"https:\/\/api.w.org\/{rel}","templated":true}]}}