{"id":778,"date":"2017-10-30T21:42:27","date_gmt":"2017-10-30T20:42:27","guid":{"rendered":"http:\/\/julielhonoresophrologuerouen.com\/?page_id=778"},"modified":"2020-11-16T08:27:16","modified_gmt":"2020-11-16T07:27:16","slug":"sophrologue-rouen-2","status":"publish","type":"page","link":"https:\/\/julielhonoresophrologuerouen.com\/index.php\/sophrologue-rouen-2\/","title":{"rendered":"Sophrologue Rouen"},"content":{"rendered":"<p>Si vous cherchez un Sophrologue sur Rouen vous \u00eates sur la bonne page.<br \/>\nJulie L\u2019Honor\u00e9 Sophrologue Rouen, je suis dipl\u00f4m\u00e9e du CFSP (Cente de Formation des Sophrologues Professionnel) \u00e0 Rouen et vous proposes mes services de sophrologue \u00e0 Rouen. En tant que Sophrologue \u00e0 Rouen je vous offre un accompagnement sur mesure, car le sophrologue \u00e0 Rouen s\u2019adapte aux besoins et comp\u00e9tences du moment de chaque individu. En tant que sophrologue \u00e0 Rouen mon cabinet est situ\u00e9 au 35 rue du Maille les mardi, vendredi et samedi et au 4 rue Charles Thouvenin et \u00e0 domicile les lundi mercredi et jeudi. Je n\u2019exerce pas mon m\u00e9tier de sophrologue \u00e0 Rouen les dimanches. Le Sophrologue \u00e0 Rouen vous apporte un r\u00e9el outil simple \u00e0 mettre en place et efficace qui est la sophrologie. Si vous souhaitez plus d\u2019information n\u2019h\u00e9sitez pas \u00e0 me contacter par t\u00e9l\u00e9phone ou par mail via mo, site Julie L\u2019Honor\u00e9 Sophrologue Rouen. <\/p>\n","protected":false},"excerpt":{"rendered":"<p>Si vous cherchez un Sophrologue sur Rouen vous \u00eates sur la bonne page. Julie L\u2019Honor\u00e9 Sophrologue Rouen, je suis dipl\u00f4m\u00e9e du CFSP (Cente de Formation des Sophrologues Professionnel) \u00e0 Rouen et vous proposes mes services de sophrologue \u00e0 Rouen. En tant que Sophrologue \u00e0 Rouen je vous offre un accompagnement sur mesure, car le sophrologue [&hellip;]<\/p>\n","protected":false},"author":1,"featured_media":0,"parent":0,"menu_order":888,"comment_status":"closed","ping_status":"closed","template":"","meta":{"_et_pb_use_builder":"","_et_pb_old_content":"","_et_gb_content_width":"","footnotes":""},"_links":{"self":[{"href":"https:\/\/julielhonoresophrologuerouen.com\/index.php\/wp-json\/wp\/v2\/pages\/778"}],"collection":[{"href":"https:\/\/julielhonoresophrologuerouen.com\/index.php\/wp-json\/wp\/v2\/pages"}],"about":[{"href":"https:\/\/julielhonoresophrologuerouen.com\/index.php\/wp-json\/wp\/v2\/types\/page"}],"author":[{"embeddable":true,"href":"https:\/\/julielhonoresophrologuerouen.com\/index.php\/wp-json\/wp\/v2\/users\/1"}],"replies":[{"embeddable":true,"href":"https:\/\/julielhonoresophrologuerouen.com\/index.php\/wp-json\/wp\/v2\/comments?post=778"}],"version-history":[{"count":1,"href":"https:\/\/julielhonoresophrologuerouen.com\/index.php\/wp-json\/wp\/v2\/pages\/778\/revisions"}],"predecessor-version":[{"id":779,"href":"https:\/\/julielhonoresophrologuerouen.com\/index.php\/wp-json\/wp\/v2\/pages\/778\/revisions\/779"}],"wp:attachment":[{"href":"https:\/\/julielhonoresophrologuerouen.com\/index.php\/wp-json\/wp\/v2\/media?parent=778"}],"curies":[{"name":"wp","href":"https:\/\/api.w.org\/{rel}","templated":true}]}}