{"id":804,"date":"2017-10-30T23:15:40","date_gmt":"2017-10-30T22:15:40","guid":{"rendered":"http:\/\/julielhonoresophrologuerouen.com\/?page_id=804"},"modified":"2020-11-16T08:27:26","modified_gmt":"2020-11-16T07:27:26","slug":"sophrologue-saint-etienne-rouvray","status":"publish","type":"page","link":"https:\/\/julielhonoresophrologuerouen.com\/index.php\/sophrologue-saint-etienne-rouvray\/","title":{"rendered":"Sophrologue Saint-Etienne-Du-Rouvray"},"content":{"rendered":"<p>Si vous cherchez un Sophrologue sur Saint-Etienne-Du-Rouvray vous \u00eates sur la bonne page.<br \/>\nJulie L\u2019Honor\u00e9 Sophrologue Saint-Etienne-Du-Rouvray, je suis dipl\u00f4m\u00e9e du CFSP (Centre de Formation des Sophrologues Professionnel) \u00e0 Saint-Etienne-Du-Rouvray et vous proposes mes services de sophrologue \u00e0 Saint-Etienne-Du-Rouvray. En tant que Sophrologue \u00e0 Saint-Etienne-Du-Rouvray je vous offre un accompagnement sur mesure, car le sophrologue \u00e0 Saint-Etienne-Du-Rouvray s\u2019adapte aux besoins et comp\u00e9tences du moment de chaque individu. En tant que sophrologue \u00e0 Saint-Etienne-Du-Rouvray mon cabinet est situ\u00e9 au 35 rue du Maille les mardi, vendredi et samedi et au 4 rue Charles Thouvenin et \u00e0 domicile les lundi mercredi et jeudi. Je n\u2019exerce pas mon m\u00e9tier de sophrologue \u00e0 Saint-Etienne-Du-Rouvray les dimanches. Le Sophrologue \u00e0 Saint-Etienne-Du-Rouvray vous apporte un r\u00e9el outil simple \u00e0 mettre en place et efficace qui est la sophrologie. Si vous souhaitez plus d\u2019information n\u2019h\u00e9sitez pas \u00e0 me contacter par t\u00e9l\u00e9phone ou par mail via mon, site Julie L\u2019Honor\u00e9 Sophrologue Saint-Etienne-Du-Rouvray. <\/p>\n","protected":false},"excerpt":{"rendered":"<p>Si vous cherchez un Sophrologue sur Saint-Etienne-Du-Rouvray vous \u00eates sur la bonne page. Julie L\u2019Honor\u00e9 Sophrologue Saint-Etienne-Du-Rouvray, je suis dipl\u00f4m\u00e9e du CFSP (Centre de Formation des Sophrologues Professionnel) \u00e0 Saint-Etienne-Du-Rouvray et vous proposes mes services de sophrologue \u00e0 Saint-Etienne-Du-Rouvray. En tant que Sophrologue \u00e0 Saint-Etienne-Du-Rouvray je vous offre un accompagnement sur mesure, car le sophrologue [&hellip;]<\/p>\n","protected":false},"author":1,"featured_media":0,"parent":0,"menu_order":888,"comment_status":"closed","ping_status":"closed","template":"","meta":{"_et_pb_use_builder":"","_et_pb_old_content":"","_et_gb_content_width":"","footnotes":""},"_links":{"self":[{"href":"https:\/\/julielhonoresophrologuerouen.com\/index.php\/wp-json\/wp\/v2\/pages\/804"}],"collection":[{"href":"https:\/\/julielhonoresophrologuerouen.com\/index.php\/wp-json\/wp\/v2\/pages"}],"about":[{"href":"https:\/\/julielhonoresophrologuerouen.com\/index.php\/wp-json\/wp\/v2\/types\/page"}],"author":[{"embeddable":true,"href":"https:\/\/julielhonoresophrologuerouen.com\/index.php\/wp-json\/wp\/v2\/users\/1"}],"replies":[{"embeddable":true,"href":"https:\/\/julielhonoresophrologuerouen.com\/index.php\/wp-json\/wp\/v2\/comments?post=804"}],"version-history":[{"count":1,"href":"https:\/\/julielhonoresophrologuerouen.com\/index.php\/wp-json\/wp\/v2\/pages\/804\/revisions"}],"predecessor-version":[{"id":805,"href":"https:\/\/julielhonoresophrologuerouen.com\/index.php\/wp-json\/wp\/v2\/pages\/804\/revisions\/805"}],"wp:attachment":[{"href":"https:\/\/julielhonoresophrologuerouen.com\/index.php\/wp-json\/wp\/v2\/media?parent=804"}],"curies":[{"name":"wp","href":"https:\/\/api.w.org\/{rel}","templated":true}]}}