{"id":834,"date":"2017-10-31T11:11:47","date_gmt":"2017-10-31T10:11:47","guid":{"rendered":"http:\/\/julielhonoresophrologuerouen.com\/?page_id=834"},"modified":"2020-11-16T07:54:10","modified_gmt":"2020-11-16T06:54:10","slug":"bien-etre-sotteville-rouen","status":"publish","type":"page","link":"https:\/\/julielhonoresophrologuerouen.com\/index.php\/bien-etre-sotteville-rouen\/","title":{"rendered":"Bien-\u00eatre \u00e0 Sotteville-L\u00e8s-Rouen"},"content":{"rendered":"<p>Bien-\u00eatre \u00e0 Sotteville-l\u00e8s-Rouen est une m\u00e9thode psychocorporelle qui favorise un \u00e9tat de mieux-\u00eatre.<br \/>\nBien-\u00eatre \u00e0 Sotteville-l\u00e8s-Rouen est accessible \u00e0 tous d\u00e8s 6 ans.<br \/>\nSi vous souhaitez g\u00e9rer vos probl\u00e8mes de stress Bien-\u00eatre \u00e0 Sotteville-l\u00e8s-Rouen est une m\u00e9thode appropri\u00e9e. Bien-\u00eatre \u00e0 Sotteville-l\u00e8s-Rouen est facile \u00e0 mettre en place et \u00e0 adapter n\u2019importe o\u00f9. Bien-\u00eatre \u00e0 Sotteville-l\u00e8s-Rouen vous aidera aussi dans la gestion de vos \u00e9motions. Pour renforcer votre potentialit\u00e9 Bien-\u00eatre \u00e0 Sotteville-l\u00e8s-Rouen serra vous aider \u00e0 prendre le temps et Bien-\u00eatre \u00e0 Sotteville-l\u00e8s-Rouen vous guidera dans votre qu\u00eate de confiance en soi. Bien-\u00eatre \u00e0 Sotteville-l\u00e8s-Rouen est une m\u00e9thode de d\u00e9veloppement personnel tr\u00e8s efficace. La pratique de bien-\u00eatre \u00e0 Sotteville-l\u00e8s-Rouen peut devenir une addiction bonne pour la sant\u00e9 car bien-\u00eatre \u00e0 Sotteville-l\u00e8s-Rouen permet de s\u00e9cr\u00e9ter de l\u2019endorphine et de la dopamine qui sont les hormones du bien-\u00eatre et de la joie.<\/p>\n","protected":false},"excerpt":{"rendered":"<p>Bien-\u00eatre \u00e0 Sotteville-l\u00e8s-Rouen est une m\u00e9thode psychocorporelle qui favorise un \u00e9tat de mieux-\u00eatre. Bien-\u00eatre \u00e0 Sotteville-l\u00e8s-Rouen est accessible \u00e0 tous d\u00e8s 6 ans. Si vous souhaitez g\u00e9rer vos probl\u00e8mes de stress Bien-\u00eatre \u00e0 Sotteville-l\u00e8s-Rouen est une m\u00e9thode appropri\u00e9e. Bien-\u00eatre \u00e0 Sotteville-l\u00e8s-Rouen est facile \u00e0 mettre en place et \u00e0 adapter n\u2019importe o\u00f9. Bien-\u00eatre \u00e0 Sotteville-l\u00e8s-Rouen [&hellip;]<\/p>\n","protected":false},"author":1,"featured_media":0,"parent":0,"menu_order":888,"comment_status":"closed","ping_status":"closed","template":"","meta":{"_et_pb_use_builder":"","_et_pb_old_content":"","_et_gb_content_width":"","footnotes":""},"_links":{"self":[{"href":"https:\/\/julielhonoresophrologuerouen.com\/index.php\/wp-json\/wp\/v2\/pages\/834"}],"collection":[{"href":"https:\/\/julielhonoresophrologuerouen.com\/index.php\/wp-json\/wp\/v2\/pages"}],"about":[{"href":"https:\/\/julielhonoresophrologuerouen.com\/index.php\/wp-json\/wp\/v2\/types\/page"}],"author":[{"embeddable":true,"href":"https:\/\/julielhonoresophrologuerouen.com\/index.php\/wp-json\/wp\/v2\/users\/1"}],"replies":[{"embeddable":true,"href":"https:\/\/julielhonoresophrologuerouen.com\/index.php\/wp-json\/wp\/v2\/comments?post=834"}],"version-history":[{"count":2,"href":"https:\/\/julielhonoresophrologuerouen.com\/index.php\/wp-json\/wp\/v2\/pages\/834\/revisions"}],"predecessor-version":[{"id":1709,"href":"https:\/\/julielhonoresophrologuerouen.com\/index.php\/wp-json\/wp\/v2\/pages\/834\/revisions\/1709"}],"wp:attachment":[{"href":"https:\/\/julielhonoresophrologuerouen.com\/index.php\/wp-json\/wp\/v2\/media?parent=834"}],"curies":[{"name":"wp","href":"https:\/\/api.w.org\/{rel}","templated":true}]}}