{"id":94,"date":"2017-10-04T14:55:38","date_gmt":"2017-10-04T12:55:38","guid":{"rendered":"http:\/\/julielhonoresophrologuerouen.com\/?page_id=94"},"modified":"2020-11-16T10:36:31","modified_gmt":"2020-11-16T09:36:31","slug":"contact-2","status":"publish","type":"page","link":"https:\/\/julielhonoresophrologuerouen.com\/index.php\/contact-2\/","title":{"rendered":"Contact"},"content":{"rendered":"<p>[et_pb_section fb_built=&#8221;1&#8243; custom_padding_last_edited=&#8221;on|desktop&#8221; admin_label=&#8221;Call to Action&#8221; _builder_version=&#8221;4.6.4&#8243; background_enable_color=&#8221;off&#8221; module_alignment=&#8221;center&#8221; custom_margin=&#8221;0px||0px||true|false&#8221; custom_margin_phone=&#8221;0px||0px||true&#8221; custom_margin_last_edited=&#8221;off|desktop&#8221; custom_padding=&#8221;2%|20px|2%|20px|true|true&#8221; custom_padding_tablet=&#8221;&#8221; custom_padding_phone=&#8221;4%|20px|4%|20px|true|true&#8221; animation_style=&#8221;zoom&#8221; animation_intensity_zoom=&#8221;10%&#8221; box_shadow_style=&#8221;preset7&#8243; box_shadow_horizontal=&#8221;0px&#8221; box_shadow_vertical=&#8221;0px&#8221; box_shadow_spread=&#8221;50px&#8221; box_shadow_color=&#8221;#ffffff&#8221;][et_pb_row custom_padding_last_edited=&#8221;on|phone&#8221; _builder_version=&#8221;4.6.4&#8243; custom_margin=&#8221;0px||0px||true|false&#8221; custom_padding=&#8221;2%||0px||false|false&#8221; custom_padding_tablet=&#8221;&#8221; custom_padding_phone=&#8221;4%||0px||false|false&#8221;][et_pb_column type=&#8221;4_4&#8243; _builder_version=&#8221;3.25&#8243; custom_padding=&#8221;|||&#8221; custom_padding__hover=&#8221;|||&#8221;][et_pb_text ul_type=&#8221;square&#8221; ul_item_indent=&#8221;6%&#8221; _builder_version=&#8221;4.6.4&#8243; text_font=&#8221;||||||||&#8221; text_line_height=&#8221;2em&#8221; header_font=&#8221;|700|||||||&#8221; header_text_align=&#8221;center&#8221; header_text_color=&#8221;#73576c&#8221; header_font_size=&#8221;50px&#8221; header_2_font=&#8221;|700||on|||||&#8221; header_2_text_color=&#8221;#63a6a3&#8243; header_2_font_size=&#8221;25px&#8221; header_2_line_height=&#8221;1.2em&#8221; custom_margin=&#8221;0px||0px||true|false&#8221; custom_padding=&#8221;2%||0px||false|false&#8221; custom_padding_tablet=&#8221;&#8221; custom_padding_phone=&#8221;6%||0px||false|false&#8221; custom_padding_last_edited=&#8221;on|phone&#8221; text_line_height_tablet=&#8221;1.8em&#8221; text_line_height_phone=&#8221;1.6em&#8221; text_line_height_last_edited=&#8221;on|phone&#8221; ul_line_height_tablet=&#8221;1.8em&#8221; ul_line_height_phone=&#8221;1.6em&#8221; ul_line_height_last_edited=&#8221;on|tablet&#8221; header_font_size_tablet=&#8221;40px&#8221; header_font_size_phone=&#8221;30px&#8221; header_font_size_last_edited=&#8221;on|phone&#8221; header_2_font_size_tablet=&#8221;&#8221; header_2_font_size_phone=&#8221;20px&#8221; header_2_font_size_last_edited=&#8221;on|phone&#8221; locked=&#8221;off&#8221;]<\/p>\n<h1>CONTACT<\/h1>\n<p>[\/et_pb_text][\/et_pb_column][\/et_pb_row][et_pb_row column_structure=&#8221;3_5,2_5&#8243; use_custom_gutter=&#8221;on&#8221; _builder_version=&#8221;4.6.4&#8243; custom_margin=&#8221;0px||0px||true|false&#8221; custom_padding=&#8221;2%||2%||true|false&#8221;][et_pb_column type=&#8221;3_5&#8243; _builder_version=&#8221;3.25&#8243; custom_padding=&#8221;|||&#8221; custom_padding__hover=&#8221;|||&#8221;][et_pb_text ul_type=&#8221;square&#8221; ul_item_indent=&#8221;6%&#8221; _builder_version=&#8221;4.6.6&#8243; text_font=&#8221;||||||||&#8221; text_line_height=&#8221;1.8em&#8221; header_font=&#8221;||||||||&#8221; header_2_font=&#8221;|700||on|||||&#8221; header_2_text_color=&#8221;#63a6a3&#8243; header_2_font_size=&#8221;25px&#8221; header_2_line_height=&#8221;1.2em&#8221; text_line_height_tablet=&#8221;1.8em&#8221; text_line_height_phone=&#8221;1.6em&#8221; text_line_height_last_edited=&#8221;on|phone&#8221; ul_line_height_tablet=&#8221;1.8em&#8221; ul_line_height_phone=&#8221;1.6em&#8221; ul_line_height_last_edited=&#8221;on|desktop&#8221; header_2_font_size_tablet=&#8221;&#8221; header_2_font_size_phone=&#8221;20px&#8221; header_2_font_size_last_edited=&#8221;on|phone&#8221; locked=&#8221;off&#8221;]<\/p>\n<h2>JULIE L&#8217;HONOR\u00c9 SOPHROLOGUE ROUEN<\/h2>\n<ul>\n<li><strong>Au Cabinet, 38 avenue des canadiens 76140 Le Petit-Quevilly. S\u00e9ance Individuelle ou Collective<\/strong><\/li>\n<\/ul>\n<p>Mardi, mercredi et vendredi de 9h \u00e0 20h<\/p>\n<p>Samedi de 8h \u00e0 12h 30<\/p>\n<p>Mardis de 18h30 \u00e0 19h30, s\u00e9ances collectives (ouvert \u00e0 tous \u00e0 partir de 15 ans)<\/p>\n<ul>\n<li><strong>Au Cabinet 91 rue du G\u00e9n\u00e9ral Leclerc. S\u00e9ances Collectives hebdomadaires<\/strong><\/li>\n<\/ul>\n<p>jeudis de 17h15 \u00e0 18h15( ouvert \u00e0 tous \u00e0 partir de 15 ans)<\/p>\n<p>Jeudis de 18h30 \u00e0 19h30 (pour les personnes pratiquant d\u00e9j\u00e0 la sophrologie depuis 1 an)<\/p>\n<ul>\n<li><strong>\u00c0 Domicile, sur votre Lieu de Travail, en plein air. S\u00e9ance Individuelle ou en Groupe<\/strong><\/li>\n<\/ul>\n<p>Du lundi au vendredi 9h \u00e0 20h<\/p>\n<p>Samedi de 8h \u00e0 12h30<\/p>\n<ul>\n<li>Sophro-balade\u00b2<\/li>\n<\/ul>\n<p>Samedi matin et apr\u00e8s-midi<\/p>\n<p>Dimanche matin<\/p>\n<p><span style=\"text-decoration: underline;\"><strong>T\u00e9l: <a href=\"tel:+33673420789\">06.73.42.07.89<\/a><\/strong><\/span><\/p>\n<p>[\/et_pb_text][\/et_pb_column][et_pb_column type=&#8221;2_5&#8243; _builder_version=&#8221;3.25&#8243; custom_padding=&#8221;|||&#8221; custom_padding__hover=&#8221;|||&#8221;][et_pb_text ul_type=&#8221;square&#8221; ul_item_indent=&#8221;6%&#8221; _builder_version=&#8221;4.6.4&#8243; text_font=&#8221;||||||||&#8221; text_line_height=&#8221;1.8em&#8221; header_font=&#8221;||||||||&#8221; header_2_font=&#8221;|700||on|||||&#8221; header_2_text_color=&#8221;#63a6a3&#8243; header_2_font_size=&#8221;25px&#8221; header_2_line_height=&#8221;1.2em&#8221; text_orientation=&#8221;center&#8221; custom_margin=&#8221;0px||0px||true|false&#8221; custom_padding=&#8221;1%||1%||true|false&#8221; text_line_height_tablet=&#8221;1.8em&#8221; text_line_height_phone=&#8221;1.6em&#8221; text_line_height_last_edited=&#8221;on|phone&#8221; ul_line_height_tablet=&#8221;1.8em&#8221; ul_line_height_phone=&#8221;1.6em&#8221; ul_line_height_last_edited=&#8221;on|desktop&#8221; header_2_font_size_tablet=&#8221;&#8221; header_2_font_size_phone=&#8221;20px&#8221; header_2_font_size_last_edited=&#8221;on|phone&#8221; locked=&#8221;off&#8221;]<\/p>\n<div id=\"panel-94-0-1-0\" class=\"so-panel widget widget_sow-editor panel-first-child\" data-index=\"2\">\n<div class=\"so-widget-sow-editor so-widget-sow-editor-base\">\n<div class=\"siteorigin-widget-tinymce textwidget\">\n<p><em>JE VOUS ACCOMPAGNE SUR RENDEZ-VOUS UNIQUEMENT<\/em><\/p>\n<\/div>\n<\/div>\n<\/div>\n<p>[\/et_pb_text][et_pb_contact_form captcha=&#8221;off&#8221; email=&#8221;julielhonore.sophro@gmail.com &#8221; custom_message=&#8221;Nouveau message : ||et_pb_line_break_holder||||et_pb_line_break_holder||Source : Site internet : ||et_pb_line_break_holder||||et_pb_line_break_holder||Nom : %%nom%%||et_pb_line_break_holder||Email : %%email%%||et_pb_line_break_holder||Sujet : %%sujet%%||et_pb_line_break_holder||Message : %%message%%&#8221; success_message=&#8221;Merci de votre message ! &#8221; submit_button_text=&#8221;Envoyer&#8221; module_class=&#8221;Formulaire-PDP&#8221; _builder_version=&#8221;4.7.0&#8243; _module_preset=&#8221;default&#8221; form_field_background_color=&#8221;#ffffff&#8221; form_field_text_color=&#8221;#1d1d1b&#8221; custom_button=&#8221;on&#8221; button_text_color=&#8221;#ffffff&#8221; button_bg_color=&#8221;#63a6a3&#8243; button_border_color=&#8221;#63a6a3&#8243; button_border_radius=&#8221;5px&#8221; button_icon=&#8221;%%40%%&#8221; button_icon_color=&#8221;#63a6a3&#8243; hover_enabled=&#8221;0&#8243; button_bg_color__hover_enabled=&#8221;on|desktop&#8221; button_text_color__hover_enabled=&#8221;on|hover&#8221; button_text_color__hover=&#8221;#63a6a3&#8243; button_bg_color__hover=&#8221;#ffffff&#8221; button_bg_enable_color__hover=&#8221;on&#8221; button_border_color__hover_enabled=&#8221;on|desktop&#8221; button_border_color__hover=&#8221;#ffffff&#8221; sticky_enabled=&#8221;0&#8243;][et_pb_contact_field field_id=&#8221;nom&#8221; field_title=&#8221;Nom&#8221; fullwidth_field=&#8221;on&#8221; _builder_version=&#8221;4.7.0&#8243; text_orientation=&#8221;left&#8221; button_text_size__hover_enabled=&#8221;off&#8221; button_one_text_size__hover_enabled=&#8221;off&#8221; button_two_text_size__hover_enabled=&#8221;off&#8221; button_text_color__hover_enabled=&#8221;off&#8221; button_one_text_color__hover_enabled=&#8221;off&#8221; button_two_text_color__hover_enabled=&#8221;off&#8221; button_border_width__hover_enabled=&#8221;off&#8221; button_one_border_width__hover_enabled=&#8221;off&#8221; button_two_border_width__hover_enabled=&#8221;off&#8221; button_border_color__hover_enabled=&#8221;off&#8221; button_one_border_color__hover_enabled=&#8221;off&#8221; button_two_border_color__hover_enabled=&#8221;off&#8221; button_border_radius__hover_enabled=&#8221;off&#8221; button_one_border_radius__hover_enabled=&#8221;off&#8221; button_two_border_radius__hover_enabled=&#8221;off&#8221; button_letter_spacing__hover_enabled=&#8221;off&#8221; button_one_letter_spacing__hover_enabled=&#8221;off&#8221; button_two_letter_spacing__hover_enabled=&#8221;off&#8221; button_bg_color__hover_enabled=&#8221;off&#8221; button_one_bg_color__hover_enabled=&#8221;off&#8221; button_two_bg_color__hover_enabled=&#8221;off&#8221;][\/et_pb_contact_field][et_pb_contact_field field_id=&#8221;email&#8221; field_title=&#8221;Adresse e-mail&#8221; field_type=&#8221;email&#8221; fullwidth_field=&#8221;on&#8221; _builder_version=&#8221;4.7.0&#8243; button_text_size__hover_enabled=&#8221;off&#8221; button_one_text_size__hover_enabled=&#8221;off&#8221; button_two_text_size__hover_enabled=&#8221;off&#8221; button_text_color__hover_enabled=&#8221;off&#8221; button_one_text_color__hover_enabled=&#8221;off&#8221; button_two_text_color__hover_enabled=&#8221;off&#8221; button_border_width__hover_enabled=&#8221;off&#8221; button_one_border_width__hover_enabled=&#8221;off&#8221; button_two_border_width__hover_enabled=&#8221;off&#8221; button_border_color__hover_enabled=&#8221;off&#8221; button_one_border_color__hover_enabled=&#8221;off&#8221; button_two_border_color__hover_enabled=&#8221;off&#8221; button_border_radius__hover_enabled=&#8221;off&#8221; button_one_border_radius__hover_enabled=&#8221;off&#8221; button_two_border_radius__hover_enabled=&#8221;off&#8221; button_letter_spacing__hover_enabled=&#8221;off&#8221; button_one_letter_spacing__hover_enabled=&#8221;off&#8221; button_two_letter_spacing__hover_enabled=&#8221;off&#8221; button_bg_color__hover_enabled=&#8221;off&#8221; button_one_bg_color__hover_enabled=&#8221;off&#8221; button_two_bg_color__hover_enabled=&#8221;off&#8221;][\/et_pb_contact_field][et_pb_contact_field field_id=&#8221;sujet&#8221; field_title=&#8221;Sujet&#8221; fullwidth_field=&#8221;on&#8221; _builder_version=&#8221;4.7.0&#8243; button_text_size__hover_enabled=&#8221;off&#8221; button_one_text_size__hover_enabled=&#8221;off&#8221; button_two_text_size__hover_enabled=&#8221;off&#8221; button_text_color__hover_enabled=&#8221;off&#8221; button_one_text_color__hover_enabled=&#8221;off&#8221; button_two_text_color__hover_enabled=&#8221;off&#8221; button_border_width__hover_enabled=&#8221;off&#8221; button_one_border_width__hover_enabled=&#8221;off&#8221; button_two_border_width__hover_enabled=&#8221;off&#8221; button_border_color__hover_enabled=&#8221;off&#8221; button_one_border_color__hover_enabled=&#8221;off&#8221; button_two_border_color__hover_enabled=&#8221;off&#8221; button_border_radius__hover_enabled=&#8221;off&#8221; button_one_border_radius__hover_enabled=&#8221;off&#8221; button_two_border_radius__hover_enabled=&#8221;off&#8221; button_letter_spacing__hover_enabled=&#8221;off&#8221; button_one_letter_spacing__hover_enabled=&#8221;off&#8221; button_two_letter_spacing__hover_enabled=&#8221;off&#8221; button_bg_color__hover_enabled=&#8221;off&#8221; button_one_bg_color__hover_enabled=&#8221;off&#8221; button_two_bg_color__hover_enabled=&#8221;off&#8221;][\/et_pb_contact_field][et_pb_contact_field field_id=&#8221;message&#8221; field_title=&#8221;Message&#8221; field_type=&#8221;text&#8221; fullwidth_field=&#8221;on&#8221; _builder_version=&#8221;4.7.0&#8243; custom_margin=&#8221;||6%||false|false&#8221; button_text_size__hover_enabled=&#8221;off&#8221; button_one_text_size__hover_enabled=&#8221;off&#8221; button_two_text_size__hover_enabled=&#8221;off&#8221; button_text_color__hover_enabled=&#8221;off&#8221; button_one_text_color__hover_enabled=&#8221;off&#8221; button_two_text_color__hover_enabled=&#8221;off&#8221; button_border_width__hover_enabled=&#8221;off&#8221; button_one_border_width__hover_enabled=&#8221;off&#8221; button_two_border_width__hover_enabled=&#8221;off&#8221; button_border_color__hover_enabled=&#8221;off&#8221; button_one_border_color__hover_enabled=&#8221;off&#8221; button_two_border_color__hover_enabled=&#8221;off&#8221; button_border_radius__hover_enabled=&#8221;off&#8221; button_one_border_radius__hover_enabled=&#8221;off&#8221; button_two_border_radius__hover_enabled=&#8221;off&#8221; button_letter_spacing__hover_enabled=&#8221;off&#8221; button_one_letter_spacing__hover_enabled=&#8221;off&#8221; button_two_letter_spacing__hover_enabled=&#8221;off&#8221; button_bg_color__hover_enabled=&#8221;off&#8221; button_one_bg_color__hover_enabled=&#8221;off&#8221; button_two_bg_color__hover_enabled=&#8221;off&#8221;][\/et_pb_contact_field][\/et_pb_contact_form][\/et_pb_column][\/et_pb_row][\/et_pb_section][et_pb_section fb_built=&#8221;1&#8243; _builder_version=&#8221;4.6.4&#8243; _module_preset=&#8221;default&#8221; custom_margin=&#8221;0px||0px||true|false&#8221; custom_padding=&#8221;0px||5%||false|false&#8221;][et_pb_row _builder_version=&#8221;4.6.4&#8243; _module_preset=&#8221;default&#8221;][et_pb_column type=&#8221;4_4&#8243; _builder_version=&#8221;4.6.4&#8243; _module_preset=&#8221;default&#8221;][et_pb_code _builder_version=&#8221;4.6.4&#8243; _module_preset=&#8221;default&#8221; text_orientation=&#8221;center&#8221;]<iframe loading=\"lazy\" src=\"https:\/\/www.google.com\/maps\/embed?pb=!1m18!1m12!1m3!1d2182.764710421702!2d1.0718949381172667!3d49.413456952447284!2m3!1f0!2f0!3f0!3m2!1i1024!2i768!4f13.1!3m3!1m2!1s0x47e0de5106e3d3b7%3A0xe378bc2db62dead9!2sSophrologue%20Rouen%20Julie%20L%E2%80%99Honor%C3%A9!5e0!3m2!1sfr!2sfr!4v1601999158701!5m2!1sfr!2sfr\" width=\"100%\" height=\"400\" frameborder=\"0\" style=\"border:0;\" allowfullscreen=\"\" aria-hidden=\"false\" tabindex=\"0\"><\/iframe>[\/et_pb_code][\/et_pb_column][\/et_pb_row][\/et_pb_section]<\/p>\n","protected":false},"excerpt":{"rendered":"<p>[et_pb_section fb_built=&#8221;1&#8243; custom_padding_last_edited=&#8221;on|desktop&#8221; admin_label=&#8221;Call to Action&#8221; _builder_version=&#8221;4.6.4&#8243; background_enable_color=&#8221;off&#8221; module_alignment=&#8221;center&#8221; custom_margin=&#8221;0px||0px||true|false&#8221; custom_margin_phone=&#8221;0px||0px||true&#8221; custom_margin_last_edited=&#8221;off|desktop&#8221; custom_padding=&#8221;2%|20px|2%|20px|true|true&#8221; custom_padding_tablet=&#8221;&#8221; custom_padding_phone=&#8221;4%|20px|4%|20px|true|true&#8221; animation_style=&#8221;zoom&#8221; animation_intensity_zoom=&#8221;10%&#8221; box_shadow_style=&#8221;preset7&#8243; box_shadow_horizontal=&#8221;0px&#8221; box_shadow_vertical=&#8221;0px&#8221; box_shadow_spread=&#8221;50px&#8221; box_shadow_color=&#8221;#ffffff&#8221;][et_pb_row custom_padding_last_edited=&#8221;on|phone&#8221; _builder_version=&#8221;4.6.4&#8243; custom_margin=&#8221;0px||0px||true|false&#8221; custom_padding=&#8221;2%||0px||false|false&#8221; custom_padding_tablet=&#8221;&#8221; custom_padding_phone=&#8221;4%||0px||false|false&#8221;][et_pb_column type=&#8221;4_4&#8243; _builder_version=&#8221;3.25&#8243; custom_padding=&#8221;|||&#8221; custom_padding__hover=&#8221;|||&#8221;][et_pb_text ul_type=&#8221;square&#8221; ul_item_indent=&#8221;6%&#8221; _builder_version=&#8221;4.6.4&#8243; text_font=&#8221;||||||||&#8221; text_line_height=&#8221;2em&#8221; header_font=&#8221;|700|||||||&#8221; header_text_align=&#8221;center&#8221; header_text_color=&#8221;#73576c&#8221; header_font_size=&#8221;50px&#8221; header_2_font=&#8221;|700||on|||||&#8221; header_2_text_color=&#8221;#63a6a3&#8243; header_2_font_size=&#8221;25px&#8221; header_2_line_height=&#8221;1.2em&#8221; custom_margin=&#8221;0px||0px||true|false&#8221; custom_padding=&#8221;2%||0px||false|false&#8221; custom_padding_tablet=&#8221;&#8221; custom_padding_phone=&#8221;6%||0px||false|false&#8221; custom_padding_last_edited=&#8221;on|phone&#8221; text_line_height_tablet=&#8221;1.8em&#8221; text_line_height_phone=&#8221;1.6em&#8221; text_line_height_last_edited=&#8221;on|phone&#8221; ul_line_height_tablet=&#8221;1.8em&#8221; ul_line_height_phone=&#8221;1.6em&#8221; [&hellip;]<\/p>\n","protected":false},"author":1,"featured_media":0,"parent":0,"menu_order":70,"comment_status":"closed","ping_status":"closed","template":"","meta":{"_et_pb_use_builder":"on","_et_pb_old_content":"<div id=\"pl-94\"  class=\"panel-layout\" ><div id=\"pg-94-0\"  class=\"panel-grid panel-no-style\"  data-style=\"{\"background_display\":\"tile\",\"cell_alignment\":\"flex-start\"}\" ><div id=\"pgc-94-0-0\"  class=\"panel-grid-cell\"  data-weight=\"0.5\" ><div id=\"panel-94-0-0-0\" class=\"so-panel widget widget_sow-editor panel-first-child\" data-index=\"0\" data-style=\"{\"background_image_attachment\":false,\"background_display\":\"tile\"}\" ><div class=\"so-widget-sow-editor so-widget-sow-editor-base\"><h3 class=\"widget-title\">Julie L'Honor\u00e9 SOPHROLOGUE ROUEN<\/h3>\r\n<div class=\"siteorigin-widget-tinymce textwidget\">\r\n\t<blockquote>\r\n<ul>\r\n<li><strong>Au Cabinet, 38 avenue des canadiens 76140 Le Petit-Quevilly.\u00a0<\/strong><strong>S\u00e9ance Individuelle ou Collective<\/strong><\/li>\r\n<\/ul>\r\n<p>Mardi, mercredi et vendredi de 9h \u00e0 20h<\/p>\r\n<p>Samedi de 8h \u00e0 12h 30<\/p>\r\n<p>Mardis de 18h30 \u00e0 19h30, s\u00e9ances collectives (ouvert \u00e0 tous \u00e0 partir de 15 ans)<\/p>\r\n<ul>\r\n<li><b>Au Cabinet 91 rue du G\u00e9n\u00e9ral Leclerc. S\u00e9ances Collectives hebdomadaires \u00a0 \u00a0 \u00a0 \u00a0 \u00a0 \u00a0 \u00a0 \u00a0 \u00a0<\/b><\/li>\r\n<\/ul>\r\n<p>jeudis de 17h15 \u00e0 18h15( ouvert \u00e0 tous \u00e0 partir de 15 ans)<\/p>\r\n<p>Jeudis de 18h30 \u00e0 19h30 (pour les personnes pratiquant d\u00e9j\u00e0 la sophrologie depuis 1 an)<\/p>\r\n<ul>\r\n<li><strong>A Domicile, sur votre Lieu de Travail, en plein air. S\u00e9ance Individuelle ou en Groupe<\/strong><\/li>\r\n<\/ul>\r\n<p>Du lundi au vendredi 9h \u00e0 20h<\/p>\r\n<p>Samedi de 8h \u00e0 12h30<\/p>\r\n<ul>\r\n<li><strong>Sophro-balade\u00b2<\/strong><\/li>\r\n<\/ul>\r\n<p>Samedi matin et apr\u00e8s-midi<\/p>\r\n<p>Dimanche matin<\/p>\r\n<p><a href=\"http:\/\/<a href=\"tel:06734207890\">06734 207 890<\/a>\"><strong>T\u00e9l: 06.73.42.07.89<\/strong><\/a><\/p><\/blockquote>\r\n<\/div>\r\n<\/div><\/div><div id=\"panel-94-0-0-1\" class=\"so-panel widget widget_sow-editor panel-last-child\" data-index=\"1\" data-style=\"{\"background_display\":\"tile\"}\" ><div class=\"so-widget-sow-editor so-widget-sow-editor-base\">\r\n<div class=\"siteorigin-widget-tinymce textwidget\">\r\n\t<p><iframe style=\"border: 0;\" src=\"https:\/\/www.google.com\/maps\/embed?pb=!1m14!1m8!1m3!1d10379.540747442317!2d1.0906135!3d49.4299846!3m2!1i1024!2i768!4f13.1!3m3!1m2!1s0x0%3A0xe378bc2db62dead9!2sSophrologue+Rouen+Julie+L%E2%80%99Honor%C3%A9!5e0!3m2!1sfr!2sfr!4v1509379396018\" width=\"600\" height=\"450\" frameborder=\"0\" allowfullscreen=\"allowfullscreen\"><\/iframe><\/p><\/div>\r\n<\/div><\/div><\/div><div id=\"pgc-94-0-1\"  class=\"panel-grid-cell\"  data-weight=\"0.5\" ><div id=\"panel-94-0-1-0\" class=\"so-panel widget widget_sow-editor panel-first-child\" data-index=\"2\" data-style=\"{\"background_image_attachment\":false,\"background_display\":\"tile\"}\" ><div class=\"so-widget-sow-editor so-widget-sow-editor-base\">\r\n<div class=\"siteorigin-widget-tinymce textwidget\">\r\n\t<h2><em>Je vous accompagne sur Rendez-vous Uniquement<\/em><\/h2>\r\n<\/div>\r\n<\/div><\/div><div id=\"panel-94-0-1-1\" class=\"so-panel widget widget_sow-editor panel-last-child\" data-index=\"3\" data-style=\"{\"background_display\":\"tile\"}\" ><div class=\"so-widget-sow-editor so-widget-sow-editor-base\">\r\n<div class=\"siteorigin-widget-tinymce textwidget\">\r\n\t<p>[contact-form-7 id=\"60\" title=\"Formulaire de contact 1\"]<\/p><\/div>\r\n<\/div><\/div><\/div><\/div><\/div>","_et_gb_content_width":"","footnotes":""},"_links":{"self":[{"href":"https:\/\/julielhonoresophrologuerouen.com\/index.php\/wp-json\/wp\/v2\/pages\/94"}],"collection":[{"href":"https:\/\/julielhonoresophrologuerouen.com\/index.php\/wp-json\/wp\/v2\/pages"}],"about":[{"href":"https:\/\/julielhonoresophrologuerouen.com\/index.php\/wp-json\/wp\/v2\/types\/page"}],"author":[{"embeddable":true,"href":"https:\/\/julielhonoresophrologuerouen.com\/index.php\/wp-json\/wp\/v2\/users\/1"}],"replies":[{"embeddable":true,"href":"https:\/\/julielhonoresophrologuerouen.com\/index.php\/wp-json\/wp\/v2\/comments?post=94"}],"version-history":[{"count":74,"href":"https:\/\/julielhonoresophrologuerouen.com\/index.php\/wp-json\/wp\/v2\/pages\/94\/revisions"}],"predecessor-version":[{"id":2286,"href":"https:\/\/julielhonoresophrologuerouen.com\/index.php\/wp-json\/wp\/v2\/pages\/94\/revisions\/2286"}],"wp:attachment":[{"href":"https:\/\/julielhonoresophrologuerouen.com\/index.php\/wp-json\/wp\/v2\/media?parent=94"}],"curies":[{"name":"wp","href":"https:\/\/api.w.org\/{rel}","templated":true}]}}